{"id":53,"date":"2024-06-08T09:10:38","date_gmt":"2024-06-08T09:10:38","guid":{"rendered":"https:\/\/ymax.es\/?page_id=53"},"modified":"2024-09-18T18:38:14","modified_gmt":"2024-09-18T18:38:14","slug":"estrellas","status":"publish","type":"page","link":"https:\/\/ymax.es\/?page_id=53","title":{"rendered":"Proyectos"},"content":{"rendered":"\t\t<div data-elementor-type=\"wp-page\" data-elementor-id=\"53\" class=\"elementor elementor-53\" data-elementor-post-type=\"page\">\n\t\t\t\t<div class=\"elementor-element elementor-element-a50971f e-flex e-con-boxed e-con e-parent\" data-id=\"a50971f\" data-element_type=\"container\" data-settings=\"{&quot;background_background&quot;:&quot;classic&quot;}\">\n\t\t\t\t\t<div class=\"e-con-inner\">\n\t\t\t\t<div class=\"elementor-element elementor-element-3cae559 elementor-widget elementor-widget-heading\" data-id=\"3cae559\" data-element_type=\"widget\" data-widget_type=\"heading.default\">\n\t\t\t\t<div class=\"elementor-widget-container\">\n\t\t\t\t\t<h2 class=\"elementor-heading-title elementor-size-default\">En Ymax hemos trabajado con los artistas m\u00e1s grandes a nivel nacional e internacional<\/h2>\t\t\t\t<\/div>\n\t\t\t\t<\/div>\n\t\t\t\t\t<\/div>\n\t\t\t\t<\/div>\n\t\t<div class=\"elementor-element elementor-element-1f05cbfc e-flex e-con-boxed e-con e-parent\" data-id=\"1f05cbfc\" data-element_type=\"container\">\n\t\t\t\t\t<div class=\"e-con-inner\">\n\t\t<div class=\"elementor-element elementor-element-6ff216db e-flex e-con-boxed e-con e-child\" data-id=\"6ff216db\" data-element_type=\"container\">\n\t\t\t\t\t<div class=\"e-con-inner\">\n\t\t<div class=\"elementor-element elementor-element-5d24230a animated-slow e-transform e-flex e-con-boxed elementor-invisible e-con e-child\" data-id=\"5d24230a\" data-element_type=\"container\" data-settings=\"{&quot;background_background&quot;:&quot;classic&quot;,&quot;animation&quot;:&quot;fadeIn&quot;,&quot;animation_delay&quot;:200,&quot;_transform_scale_effect_hover&quot;:{&quot;unit&quot;:&quot;px&quot;,&quot;size&quot;:1.03,&quot;sizes&quot;:[]},&quot;_transform_scale_effect_hover_tablet&quot;:{&quot;unit&quot;:&quot;px&quot;,&quot;size&quot;:&quot;&quot;,&quot;sizes&quot;:[]},&quot;_transform_scale_effect_hover_mobile&quot;:{&quot;unit&quot;:&quot;px&quot;,&quot;size&quot;:&quot;&quot;,&quot;sizes&quot;:[]}}\">\n\t\t\t\t\t<div class=\"e-con-inner\">\n\t\t\t\t<div class=\"elementor-element elementor-element-1fb9eb1 elementor-view-default elementor-widget elementor-widget-icon\" data-id=\"1fb9eb1\" data-element_type=\"widget\" data-widget_type=\"icon.default\">\n\t\t\t\t<div class=\"elementor-widget-container\">\n\t\t\t\t\t\t\t<div class=\"elementor-icon-wrapper\">\n\t\t\t<div class=\"elementor-icon\">\n\t\t\t<svg aria-hidden=\"true\" class=\"e-font-icon-svg e-fab-stumbleupon\" viewBox=\"0 0 512 512\" xmlns=\"http:\/\/www.w3.org\/2000\/svg\"><path d=\"M502.9 266v69.7c0 62.1-50.3 112.4-112.4 112.4-61.8 0-112.4-49.8-112.4-111.3v-70.2l34.3 16 51.1-15.2V338c0 14.7 12 26.5 26.7 26.5S417 352.7 417 338v-72h85.9zm-224.7-58.2l34.3 16 51.1-15.2V173c0-60.5-51.1-109-112.1-109-60.8 0-112.1 48.2-112.1 108.2v162.4c0 14.9-12 26.7-26.7 26.7S86 349.5 86 334.6V266H0v69.7C0 397.7 50.3 448 112.4 448c61.6 0 112.4-49.5 112.4-110.8V176.9c0-14.7 12-26.7 26.7-26.7s26.7 12 26.7 26.7v30.9z\"><\/path><\/svg>\t\t\t<\/div>\n\t\t<\/div>\n\t\t\t\t\t\t<\/div>\n\t\t\t\t<\/div>\n\t\t\t\t<div class=\"elementor-element elementor-element-4f0bae83 elementor-widget elementor-widget-heading\" data-id=\"4f0bae83\" data-element_type=\"widget\" data-widget_type=\"heading.default\">\n\t\t\t\t<div class=\"elementor-widget-container\">\n\t\t\t\t\t<h2 class=\"elementor-heading-title elementor-size-default\">Aitana<\/h2>\t\t\t\t<\/div>\n\t\t\t\t<\/div>\n\t\t\t\t\t<\/div>\n\t\t\t\t<\/div>\n\t\t<div class=\"elementor-element elementor-element-4fda1ad animated-slow e-transform e-con-full e-flex elementor-invisible e-con e-child\" data-id=\"4fda1ad\" data-element_type=\"container\" data-settings=\"{&quot;background_background&quot;:&quot;classic&quot;,&quot;animation&quot;:&quot;fadeIn&quot;,&quot;animation_delay&quot;:200,&quot;_transform_scale_effect_hover&quot;:{&quot;unit&quot;:&quot;px&quot;,&quot;size&quot;:1.03,&quot;sizes&quot;:[]},&quot;_transform_scale_effect_hover_tablet&quot;:{&quot;unit&quot;:&quot;px&quot;,&quot;size&quot;:&quot;&quot;,&quot;sizes&quot;:[]},&quot;_transform_scale_effect_hover_mobile&quot;:{&quot;unit&quot;:&quot;px&quot;,&quot;size&quot;:&quot;&quot;,&quot;sizes&quot;:[]}}\">\n\t\t\t\t<div class=\"elementor-element elementor-element-7368bbc elementor-view-default elementor-widget elementor-widget-icon\" data-id=\"7368bbc\" data-element_type=\"widget\" data-widget_type=\"icon.default\">\n\t\t\t\t<div class=\"elementor-widget-container\">\n\t\t\t\t\t\t\t<div class=\"elementor-icon-wrapper\">\n\t\t\t<div class=\"elementor-icon\">\n\t\t\t<svg aria-hidden=\"true\" class=\"e-font-icon-svg e-fab-stumbleupon\" viewBox=\"0 0 512 512\" xmlns=\"http:\/\/www.w3.org\/2000\/svg\"><path d=\"M502.9 266v69.7c0 62.1-50.3 112.4-112.4 112.4-61.8 0-112.4-49.8-112.4-111.3v-70.2l34.3 16 51.1-15.2V338c0 14.7 12 26.5 26.7 26.5S417 352.7 417 338v-72h85.9zm-224.7-58.2l34.3 16 51.1-15.2V173c0-60.5-51.1-109-112.1-109-60.8 0-112.1 48.2-112.1 108.2v162.4c0 14.9-12 26.7-26.7 26.7S86 349.5 86 334.6V266H0v69.7C0 397.7 50.3 448 112.4 448c61.6 0 112.4-49.5 112.4-110.8V176.9c0-14.7 12-26.7 26.7-26.7s26.7 12 26.7 26.7v30.9z\"><\/path><\/svg>\t\t\t<\/div>\n\t\t<\/div>\n\t\t\t\t\t\t<\/div>\n\t\t\t\t<\/div>\n\t\t\t\t<div class=\"elementor-element elementor-element-4e5d60e elementor-widget elementor-widget-heading\" data-id=\"4e5d60e\" data-element_type=\"widget\" data-widget_type=\"heading.default\">\n\t\t\t\t<div class=\"elementor-widget-container\">\n\t\t\t\t\t<h2 class=\"elementor-heading-title elementor-size-default\">Miguel Bos\u00e9<\/h2>\t\t\t\t<\/div>\n\t\t\t\t<\/div>\n\t\t\t\t<\/div>\n\t\t<div class=\"elementor-element elementor-element-938b2b0 animated-slow e-transform e-con-full e-flex elementor-invisible e-con e-child\" data-id=\"938b2b0\" data-element_type=\"container\" data-settings=\"{&quot;background_background&quot;:&quot;classic&quot;,&quot;animation&quot;:&quot;fadeIn&quot;,&quot;animation_delay&quot;:200,&quot;_transform_scale_effect_hover&quot;:{&quot;unit&quot;:&quot;px&quot;,&quot;size&quot;:1.03,&quot;sizes&quot;:[]},&quot;_transform_scale_effect_hover_tablet&quot;:{&quot;unit&quot;:&quot;px&quot;,&quot;size&quot;:&quot;&quot;,&quot;sizes&quot;:[]},&quot;_transform_scale_effect_hover_mobile&quot;:{&quot;unit&quot;:&quot;px&quot;,&quot;size&quot;:&quot;&quot;,&quot;sizes&quot;:[]}}\">\n\t\t\t\t<div class=\"elementor-element elementor-element-6297e4a elementor-view-default elementor-widget elementor-widget-icon\" data-id=\"6297e4a\" data-element_type=\"widget\" data-widget_type=\"icon.default\">\n\t\t\t\t<div class=\"elementor-widget-container\">\n\t\t\t\t\t\t\t<div class=\"elementor-icon-wrapper\">\n\t\t\t<div class=\"elementor-icon\">\n\t\t\t<svg aria-hidden=\"true\" class=\"e-font-icon-svg e-fab-stumbleupon\" viewBox=\"0 0 512 512\" xmlns=\"http:\/\/www.w3.org\/2000\/svg\"><path d=\"M502.9 266v69.7c0 62.1-50.3 112.4-112.4 112.4-61.8 0-112.4-49.8-112.4-111.3v-70.2l34.3 16 51.1-15.2V338c0 14.7 12 26.5 26.7 26.5S417 352.7 417 338v-72h85.9zm-224.7-58.2l34.3 16 51.1-15.2V173c0-60.5-51.1-109-112.1-109-60.8 0-112.1 48.2-112.1 108.2v162.4c0 14.9-12 26.7-26.7 26.7S86 349.5 86 334.6V266H0v69.7C0 397.7 50.3 448 112.4 448c61.6 0 112.4-49.5 112.4-110.8V176.9c0-14.7 12-26.7 26.7-26.7s26.7 12 26.7 26.7v30.9z\"><\/path><\/svg>\t\t\t<\/div>\n\t\t<\/div>\n\t\t\t\t\t\t<\/div>\n\t\t\t\t<\/div>\n\t\t\t\t<div class=\"elementor-element elementor-element-d55fc64 elementor-widget elementor-widget-heading\" data-id=\"d55fc64\" data-element_type=\"widget\" data-widget_type=\"heading.default\">\n\t\t\t\t<div class=\"elementor-widget-container\">\n\t\t\t\t\t<h2 class=\"elementor-heading-title elementor-size-default\">Alejandro Sanz<\/h2>\t\t\t\t<\/div>\n\t\t\t\t<\/div>\n\t\t\t\t<\/div>\n\t\t<div class=\"elementor-element elementor-element-270bf658 animated-slow e-transform e-flex e-con-boxed elementor-invisible e-con e-child\" data-id=\"270bf658\" data-element_type=\"container\" data-settings=\"{&quot;background_background&quot;:&quot;classic&quot;,&quot;animation&quot;:&quot;fadeIn&quot;,&quot;animation_delay&quot;:1500,&quot;_transform_scale_effect_hover&quot;:{&quot;unit&quot;:&quot;px&quot;,&quot;size&quot;:1.03,&quot;sizes&quot;:[]},&quot;_transform_scale_effect_hover_tablet&quot;:{&quot;unit&quot;:&quot;px&quot;,&quot;size&quot;:&quot;&quot;,&quot;sizes&quot;:[]},&quot;_transform_scale_effect_hover_mobile&quot;:{&quot;unit&quot;:&quot;px&quot;,&quot;size&quot;:&quot;&quot;,&quot;sizes&quot;:[]}}\">\n\t\t\t\t\t<div class=\"e-con-inner\">\n\t\t\t\t<div class=\"elementor-element elementor-element-76accd44 elementor-view-default elementor-widget elementor-widget-icon\" data-id=\"76accd44\" data-element_type=\"widget\" data-widget_type=\"icon.default\">\n\t\t\t\t<div class=\"elementor-widget-container\">\n\t\t\t\t\t\t\t<div class=\"elementor-icon-wrapper\">\n\t\t\t<div class=\"elementor-icon\">\n\t\t\t<svg aria-hidden=\"true\" class=\"e-font-icon-svg e-fab-stumbleupon\" viewBox=\"0 0 512 512\" xmlns=\"http:\/\/www.w3.org\/2000\/svg\"><path d=\"M502.9 266v69.7c0 62.1-50.3 112.4-112.4 112.4-61.8 0-112.4-49.8-112.4-111.3v-70.2l34.3 16 51.1-15.2V338c0 14.7 12 26.5 26.7 26.5S417 352.7 417 338v-72h85.9zm-224.7-58.2l34.3 16 51.1-15.2V173c0-60.5-51.1-109-112.1-109-60.8 0-112.1 48.2-112.1 108.2v162.4c0 14.9-12 26.7-26.7 26.7S86 349.5 86 334.6V266H0v69.7C0 397.7 50.3 448 112.4 448c61.6 0 112.4-49.5 112.4-110.8V176.9c0-14.7 12-26.7 26.7-26.7s26.7 12 26.7 26.7v30.9z\"><\/path><\/svg>\t\t\t<\/div>\n\t\t<\/div>\n\t\t\t\t\t\t<\/div>\n\t\t\t\t<\/div>\n\t\t\t\t<div class=\"elementor-element elementor-element-773c80f0 elementor-widget elementor-widget-heading\" data-id=\"773c80f0\" data-element_type=\"widget\" data-widget_type=\"heading.default\">\n\t\t\t\t<div class=\"elementor-widget-container\">\n\t\t\t\t\t<h2 class=\"elementor-heading-title elementor-size-default\">Frank Sinatra<\/h2>\t\t\t\t<\/div>\n\t\t\t\t<\/div>\n\t\t\t\t\t<\/div>\n\t\t\t\t<\/div>\n\t\t<div class=\"elementor-element elementor-element-230c586f animated-slow e-transform e-flex e-con-boxed elementor-invisible e-con e-child\" data-id=\"230c586f\" data-element_type=\"container\" data-settings=\"{&quot;background_background&quot;:&quot;classic&quot;,&quot;animation&quot;:&quot;fadeIn&quot;,&quot;animation_delay&quot;:2500,&quot;_transform_scale_effect_hover&quot;:{&quot;unit&quot;:&quot;px&quot;,&quot;size&quot;:1.03,&quot;sizes&quot;:[]},&quot;_transform_scale_effect_hover_tablet&quot;:{&quot;unit&quot;:&quot;px&quot;,&quot;size&quot;:&quot;&quot;,&quot;sizes&quot;:[]},&quot;_transform_scale_effect_hover_mobile&quot;:{&quot;unit&quot;:&quot;px&quot;,&quot;size&quot;:&quot;&quot;,&quot;sizes&quot;:[]}}\">\n\t\t\t\t\t<div class=\"e-con-inner\">\n\t\t\t\t<div class=\"elementor-element elementor-element-74a573e7 elementor-view-default elementor-widget elementor-widget-icon\" data-id=\"74a573e7\" data-element_type=\"widget\" data-widget_type=\"icon.default\">\n\t\t\t\t<div class=\"elementor-widget-container\">\n\t\t\t\t\t\t\t<div class=\"elementor-icon-wrapper\">\n\t\t\t<div class=\"elementor-icon\">\n\t\t\t<svg aria-hidden=\"true\" class=\"e-font-icon-svg e-fab-stumbleupon\" viewBox=\"0 0 512 512\" xmlns=\"http:\/\/www.w3.org\/2000\/svg\"><path d=\"M502.9 266v69.7c0 62.1-50.3 112.4-112.4 112.4-61.8 0-112.4-49.8-112.4-111.3v-70.2l34.3 16 51.1-15.2V338c0 14.7 12 26.5 26.7 26.5S417 352.7 417 338v-72h85.9zm-224.7-58.2l34.3 16 51.1-15.2V173c0-60.5-51.1-109-112.1-109-60.8 0-112.1 48.2-112.1 108.2v162.4c0 14.9-12 26.7-26.7 26.7S86 349.5 86 334.6V266H0v69.7C0 397.7 50.3 448 112.4 448c61.6 0 112.4-49.5 112.4-110.8V176.9c0-14.7 12-26.7 26.7-26.7s26.7 12 26.7 26.7v30.9z\"><\/path><\/svg>\t\t\t<\/div>\n\t\t<\/div>\n\t\t\t\t\t\t<\/div>\n\t\t\t\t<\/div>\n\t\t\t\t<div class=\"elementor-element elementor-element-6cd24cad elementor-widget elementor-widget-heading\" data-id=\"6cd24cad\" data-element_type=\"widget\" data-widget_type=\"heading.default\">\n\t\t\t\t<div class=\"elementor-widget-container\">\n\t\t\t\t\t<h2 class=\"elementor-heading-title elementor-size-default\">Bob Dylan<\/h2>\t\t\t\t<\/div>\n\t\t\t\t<\/div>\n\t\t\t\t\t<\/div>\n\t\t\t\t<\/div>\n\t\t\t\t\t<\/div>\n\t\t\t\t<\/div>\n\t\t<div class=\"elementor-element elementor-element-62890eaa e-flex e-con-boxed e-con e-child\" data-id=\"62890eaa\" data-element_type=\"container\">\n\t\t\t\t\t<div class=\"e-con-inner\">\n\t\t<div class=\"elementor-element elementor-element-2b9d3e7c animated-slow e-transform e-flex e-con-boxed elementor-invisible e-con e-child\" data-id=\"2b9d3e7c\" data-element_type=\"container\" data-settings=\"{&quot;background_background&quot;:&quot;classic&quot;,&quot;animation&quot;:&quot;fadeIn&quot;,&quot;animation_delay&quot;:200,&quot;_transform_scale_effect_hover&quot;:{&quot;unit&quot;:&quot;px&quot;,&quot;size&quot;:1.03,&quot;sizes&quot;:[]},&quot;_transform_scale_effect_hover_tablet&quot;:{&quot;unit&quot;:&quot;px&quot;,&quot;size&quot;:&quot;&quot;,&quot;sizes&quot;:[]},&quot;_transform_scale_effect_hover_mobile&quot;:{&quot;unit&quot;:&quot;px&quot;,&quot;size&quot;:&quot;&quot;,&quot;sizes&quot;:[]}}\">\n\t\t\t\t\t<div class=\"e-con-inner\">\n\t\t\t\t<div class=\"elementor-element elementor-element-3478d81e elementor-view-default elementor-widget elementor-widget-icon\" data-id=\"3478d81e\" data-element_type=\"widget\" data-widget_type=\"icon.default\">\n\t\t\t\t<div class=\"elementor-widget-container\">\n\t\t\t\t\t\t\t<div class=\"elementor-icon-wrapper\">\n\t\t\t<div class=\"elementor-icon\">\n\t\t\t<svg aria-hidden=\"true\" class=\"e-font-icon-svg e-fab-stumbleupon\" viewBox=\"0 0 512 512\" xmlns=\"http:\/\/www.w3.org\/2000\/svg\"><path d=\"M502.9 266v69.7c0 62.1-50.3 112.4-112.4 112.4-61.8 0-112.4-49.8-112.4-111.3v-70.2l34.3 16 51.1-15.2V338c0 14.7 12 26.5 26.7 26.5S417 352.7 417 338v-72h85.9zm-224.7-58.2l34.3 16 51.1-15.2V173c0-60.5-51.1-109-112.1-109-60.8 0-112.1 48.2-112.1 108.2v162.4c0 14.9-12 26.7-26.7 26.7S86 349.5 86 334.6V266H0v69.7C0 397.7 50.3 448 112.4 448c61.6 0 112.4-49.5 112.4-110.8V176.9c0-14.7 12-26.7 26.7-26.7s26.7 12 26.7 26.7v30.9z\"><\/path><\/svg>\t\t\t<\/div>\n\t\t<\/div>\n\t\t\t\t\t\t<\/div>\n\t\t\t\t<\/div>\n\t\t\t\t<div class=\"elementor-element elementor-element-432d763b elementor-widget elementor-widget-heading\" data-id=\"432d763b\" data-element_type=\"widget\" data-widget_type=\"heading.default\">\n\t\t\t\t<div class=\"elementor-widget-container\">\n\t\t\t\t\t<h2 class=\"elementor-heading-title elementor-size-default\">Antonio Orozco<\/h2>\t\t\t\t<\/div>\n\t\t\t\t<\/div>\n\t\t\t\t\t<\/div>\n\t\t\t\t<\/div>\n\t\t<div class=\"elementor-element elementor-element-8c6cb53 animated-slow e-transform e-con-full e-flex elementor-invisible e-con e-child\" data-id=\"8c6cb53\" data-element_type=\"container\" data-settings=\"{&quot;background_background&quot;:&quot;classic&quot;,&quot;animation&quot;:&quot;fadeIn&quot;,&quot;animation_delay&quot;:200,&quot;_transform_scale_effect_hover&quot;:{&quot;unit&quot;:&quot;px&quot;,&quot;size&quot;:1.03,&quot;sizes&quot;:[]},&quot;_transform_scale_effect_hover_tablet&quot;:{&quot;unit&quot;:&quot;px&quot;,&quot;size&quot;:&quot;&quot;,&quot;sizes&quot;:[]},&quot;_transform_scale_effect_hover_mobile&quot;:{&quot;unit&quot;:&quot;px&quot;,&quot;size&quot;:&quot;&quot;,&quot;sizes&quot;:[]}}\">\n\t\t\t\t<div class=\"elementor-element elementor-element-494bbb0 elementor-view-default elementor-widget elementor-widget-icon\" data-id=\"494bbb0\" data-element_type=\"widget\" data-widget_type=\"icon.default\">\n\t\t\t\t<div class=\"elementor-widget-container\">\n\t\t\t\t\t\t\t<div class=\"elementor-icon-wrapper\">\n\t\t\t<div class=\"elementor-icon\">\n\t\t\t<svg aria-hidden=\"true\" class=\"e-font-icon-svg e-fab-stumbleupon\" viewBox=\"0 0 512 512\" xmlns=\"http:\/\/www.w3.org\/2000\/svg\"><path d=\"M502.9 266v69.7c0 62.1-50.3 112.4-112.4 112.4-61.8 0-112.4-49.8-112.4-111.3v-70.2l34.3 16 51.1-15.2V338c0 14.7 12 26.5 26.7 26.5S417 352.7 417 338v-72h85.9zm-224.7-58.2l34.3 16 51.1-15.2V173c0-60.5-51.1-109-112.1-109-60.8 0-112.1 48.2-112.1 108.2v162.4c0 14.9-12 26.7-26.7 26.7S86 349.5 86 334.6V266H0v69.7C0 397.7 50.3 448 112.4 448c61.6 0 112.4-49.5 112.4-110.8V176.9c0-14.7 12-26.7 26.7-26.7s26.7 12 26.7 26.7v30.9z\"><\/path><\/svg>\t\t\t<\/div>\n\t\t<\/div>\n\t\t\t\t\t\t<\/div>\n\t\t\t\t<\/div>\n\t\t\t\t<div class=\"elementor-element elementor-element-adc4e8d elementor-widget elementor-widget-heading\" data-id=\"adc4e8d\" data-element_type=\"widget\" data-widget_type=\"heading.default\">\n\t\t\t\t<div class=\"elementor-widget-container\">\n\t\t\t\t\t<h2 class=\"elementor-heading-title elementor-size-default\">Sabina<\/h2>\t\t\t\t<\/div>\n\t\t\t\t<\/div>\n\t\t\t\t<\/div>\n\t\t<div class=\"elementor-element elementor-element-d48a86a animated-slow e-transform e-con-full e-flex elementor-invisible e-con e-child\" data-id=\"d48a86a\" data-element_type=\"container\" data-settings=\"{&quot;background_background&quot;:&quot;classic&quot;,&quot;animation&quot;:&quot;fadeIn&quot;,&quot;animation_delay&quot;:200,&quot;_transform_scale_effect_hover&quot;:{&quot;unit&quot;:&quot;px&quot;,&quot;size&quot;:1.03,&quot;sizes&quot;:[]},&quot;_transform_scale_effect_hover_tablet&quot;:{&quot;unit&quot;:&quot;px&quot;,&quot;size&quot;:&quot;&quot;,&quot;sizes&quot;:[]},&quot;_transform_scale_effect_hover_mobile&quot;:{&quot;unit&quot;:&quot;px&quot;,&quot;size&quot;:&quot;&quot;,&quot;sizes&quot;:[]}}\">\n\t\t\t\t<div class=\"elementor-element elementor-element-3e7ec2d elementor-view-default elementor-widget elementor-widget-icon\" data-id=\"3e7ec2d\" data-element_type=\"widget\" data-widget_type=\"icon.default\">\n\t\t\t\t<div class=\"elementor-widget-container\">\n\t\t\t\t\t\t\t<div class=\"elementor-icon-wrapper\">\n\t\t\t<div class=\"elementor-icon\">\n\t\t\t<svg aria-hidden=\"true\" class=\"e-font-icon-svg e-fab-stumbleupon\" viewBox=\"0 0 512 512\" xmlns=\"http:\/\/www.w3.org\/2000\/svg\"><path d=\"M502.9 266v69.7c0 62.1-50.3 112.4-112.4 112.4-61.8 0-112.4-49.8-112.4-111.3v-70.2l34.3 16 51.1-15.2V338c0 14.7 12 26.5 26.7 26.5S417 352.7 417 338v-72h85.9zm-224.7-58.2l34.3 16 51.1-15.2V173c0-60.5-51.1-109-112.1-109-60.8 0-112.1 48.2-112.1 108.2v162.4c0 14.9-12 26.7-26.7 26.7S86 349.5 86 334.6V266H0v69.7C0 397.7 50.3 448 112.4 448c61.6 0 112.4-49.5 112.4-110.8V176.9c0-14.7 12-26.7 26.7-26.7s26.7 12 26.7 26.7v30.9z\"><\/path><\/svg>\t\t\t<\/div>\n\t\t<\/div>\n\t\t\t\t\t\t<\/div>\n\t\t\t\t<\/div>\n\t\t\t\t<div class=\"elementor-element elementor-element-9e8abee elementor-widget elementor-widget-heading\" data-id=\"9e8abee\" data-element_type=\"widget\" data-widget_type=\"heading.default\">\n\t\t\t\t<div class=\"elementor-widget-container\">\n\t\t\t\t\t<h2 class=\"elementor-heading-title elementor-size-default\">Shakira<\/h2>\t\t\t\t<\/div>\n\t\t\t\t<\/div>\n\t\t\t\t<\/div>\n\t\t<div class=\"elementor-element elementor-element-2b50ed19 animated-slow e-transform e-flex e-con-boxed elementor-invisible e-con e-child\" data-id=\"2b50ed19\" data-element_type=\"container\" data-settings=\"{&quot;background_background&quot;:&quot;classic&quot;,&quot;animation&quot;:&quot;fadeIn&quot;,&quot;animation_delay&quot;:1500,&quot;_transform_scale_effect_hover&quot;:{&quot;unit&quot;:&quot;px&quot;,&quot;size&quot;:1.03,&quot;sizes&quot;:[]},&quot;_transform_scale_effect_hover_tablet&quot;:{&quot;unit&quot;:&quot;px&quot;,&quot;size&quot;:&quot;&quot;,&quot;sizes&quot;:[]},&quot;_transform_scale_effect_hover_mobile&quot;:{&quot;unit&quot;:&quot;px&quot;,&quot;size&quot;:&quot;&quot;,&quot;sizes&quot;:[]}}\">\n\t\t\t\t\t<div class=\"e-con-inner\">\n\t\t\t\t<div class=\"elementor-element elementor-element-1deb980b elementor-view-default elementor-widget elementor-widget-icon\" data-id=\"1deb980b\" data-element_type=\"widget\" data-widget_type=\"icon.default\">\n\t\t\t\t<div class=\"elementor-widget-container\">\n\t\t\t\t\t\t\t<div class=\"elementor-icon-wrapper\">\n\t\t\t<div class=\"elementor-icon\">\n\t\t\t<svg aria-hidden=\"true\" class=\"e-font-icon-svg e-fab-stumbleupon\" viewBox=\"0 0 512 512\" xmlns=\"http:\/\/www.w3.org\/2000\/svg\"><path d=\"M502.9 266v69.7c0 62.1-50.3 112.4-112.4 112.4-61.8 0-112.4-49.8-112.4-111.3v-70.2l34.3 16 51.1-15.2V338c0 14.7 12 26.5 26.7 26.5S417 352.7 417 338v-72h85.9zm-224.7-58.2l34.3 16 51.1-15.2V173c0-60.5-51.1-109-112.1-109-60.8 0-112.1 48.2-112.1 108.2v162.4c0 14.9-12 26.7-26.7 26.7S86 349.5 86 334.6V266H0v69.7C0 397.7 50.3 448 112.4 448c61.6 0 112.4-49.5 112.4-110.8V176.9c0-14.7 12-26.7 26.7-26.7s26.7 12 26.7 26.7v30.9z\"><\/path><\/svg>\t\t\t<\/div>\n\t\t<\/div>\n\t\t\t\t\t\t<\/div>\n\t\t\t\t<\/div>\n\t\t\t\t<div class=\"elementor-element elementor-element-79e29564 elementor-widget elementor-widget-heading\" data-id=\"79e29564\" data-element_type=\"widget\" data-widget_type=\"heading.default\">\n\t\t\t\t<div class=\"elementor-widget-container\">\n\t\t\t\t\t<h2 class=\"elementor-heading-title elementor-size-default\">Rolling Stones<\/h2>\t\t\t\t<\/div>\n\t\t\t\t<\/div>\n\t\t\t\t\t<\/div>\n\t\t\t\t<\/div>\n\t\t<div class=\"elementor-element elementor-element-3a95b4fd animated-slow e-transform e-flex e-con-boxed elementor-invisible e-con e-child\" data-id=\"3a95b4fd\" data-element_type=\"container\" data-settings=\"{&quot;background_background&quot;:&quot;classic&quot;,&quot;animation&quot;:&quot;fadeIn&quot;,&quot;animation_delay&quot;:2500,&quot;_transform_scale_effect_hover&quot;:{&quot;unit&quot;:&quot;px&quot;,&quot;size&quot;:1.03,&quot;sizes&quot;:[]},&quot;_transform_scale_effect_hover_tablet&quot;:{&quot;unit&quot;:&quot;px&quot;,&quot;size&quot;:&quot;&quot;,&quot;sizes&quot;:[]},&quot;_transform_scale_effect_hover_mobile&quot;:{&quot;unit&quot;:&quot;px&quot;,&quot;size&quot;:&quot;&quot;,&quot;sizes&quot;:[]}}\">\n\t\t\t\t\t<div class=\"e-con-inner\">\n\t\t\t\t<div class=\"elementor-element elementor-element-7f29cfc elementor-view-default elementor-widget elementor-widget-icon\" data-id=\"7f29cfc\" data-element_type=\"widget\" data-widget_type=\"icon.default\">\n\t\t\t\t<div class=\"elementor-widget-container\">\n\t\t\t\t\t\t\t<div class=\"elementor-icon-wrapper\">\n\t\t\t<div class=\"elementor-icon\">\n\t\t\t<svg aria-hidden=\"true\" class=\"e-font-icon-svg e-fab-stumbleupon\" viewBox=\"0 0 512 512\" xmlns=\"http:\/\/www.w3.org\/2000\/svg\"><path d=\"M502.9 266v69.7c0 62.1-50.3 112.4-112.4 112.4-61.8 0-112.4-49.8-112.4-111.3v-70.2l34.3 16 51.1-15.2V338c0 14.7 12 26.5 26.7 26.5S417 352.7 417 338v-72h85.9zm-224.7-58.2l34.3 16 51.1-15.2V173c0-60.5-51.1-109-112.1-109-60.8 0-112.1 48.2-112.1 108.2v162.4c0 14.9-12 26.7-26.7 26.7S86 349.5 86 334.6V266H0v69.7C0 397.7 50.3 448 112.4 448c61.6 0 112.4-49.5 112.4-110.8V176.9c0-14.7 12-26.7 26.7-26.7s26.7 12 26.7 26.7v30.9z\"><\/path><\/svg>\t\t\t<\/div>\n\t\t<\/div>\n\t\t\t\t\t\t<\/div>\n\t\t\t\t<\/div>\n\t\t\t\t<div class=\"elementor-element elementor-element-16c46f57 elementor-widget elementor-widget-heading\" data-id=\"16c46f57\" data-element_type=\"widget\" data-widget_type=\"heading.default\">\n\t\t\t\t<div class=\"elementor-widget-container\">\n\t\t\t\t\t<h2 class=\"elementor-heading-title elementor-size-default\">Man\u00e1<\/h2>\t\t\t\t<\/div>\n\t\t\t\t<\/div>\n\t\t\t\t\t<\/div>\n\t\t\t\t<\/div>\n\t\t\t\t\t<\/div>\n\t\t\t\t<\/div>\n\t\t\t\t\t<\/div>\n\t\t\t\t<\/div>\n\t\t\t\t<\/div>\n\t\t","protected":false},"excerpt":{"rendered":"<p>En Ymax hemos trabajado con los artistas m\u00e1s grandes a nivel nacional e internacional Aitana Miguel Bos\u00e9 Alejandro Sanz Frank Sinatra Bob Dylan Antonio Orozco Sabina Shakira Rolling Stones Man\u00e1<\/p>\n","protected":false},"author":1,"featured_media":0,"parent":0,"menu_order":0,"comment_status":"closed","ping_status":"closed","template":"elementor_header_footer","meta":{"footnotes":""},"class_list":["post-53","page","type-page","status-publish","hentry"],"_links":{"self":[{"href":"https:\/\/ymax.es\/index.php?rest_route=\/wp\/v2\/pages\/53","targetHints":{"allow":["GET"]}}],"collection":[{"href":"https:\/\/ymax.es\/index.php?rest_route=\/wp\/v2\/pages"}],"about":[{"href":"https:\/\/ymax.es\/index.php?rest_route=\/wp\/v2\/types\/page"}],"author":[{"embeddable":true,"href":"https:\/\/ymax.es\/index.php?rest_route=\/wp\/v2\/users\/1"}],"replies":[{"embeddable":true,"href":"https:\/\/ymax.es\/index.php?rest_route=%2Fwp%2Fv2%2Fcomments&post=53"}],"version-history":[{"count":17,"href":"https:\/\/ymax.es\/index.php?rest_route=\/wp\/v2\/pages\/53\/revisions"}],"predecessor-version":[{"id":582,"href":"https:\/\/ymax.es\/index.php?rest_route=\/wp\/v2\/pages\/53\/revisions\/582"}],"wp:attachment":[{"href":"https:\/\/ymax.es\/index.php?rest_route=%2Fwp%2Fv2%2Fmedia&parent=53"}],"curies":[{"name":"wp","href":"https:\/\/api.w.org\/{rel}","templated":true}]}}